{"id":2,"date":"2011-05-11T10:22:19","date_gmt":"2011-05-11T10:22:19","guid":{"rendered":"http:\/\/sushi-liefern.de\/?page_id=2"},"modified":"2019-09-09T11:09:36","modified_gmt":"2019-09-09T11:09:36","slug":"beispiel-seite","status":"publish","type":"page","link":"http:\/\/sushi-liefern.de\/?page_id=2","title":{"rendered":"Yoko Sushi bei Facebook"},"content":{"rendered":"<p>Als eine der ersten Firmen im Bereich Sushi Lieferservice hat <a href=\"http:\/\/www.yoko.de\/bestellen\/deutschland\">Yoko Sushi in Berlin<\/a> eine Facebook Seite entwickelt, die den Kunden und Sushifans eine Plattform bietet, auf der Hinweise und Verbesserungsvorschl\u00e4ge gepostet werden k\u00f6nnen.<\/p>\n<p><a href=\"http:\/\/www.facebook.com\/yoko.deutschland\">http:\/\/www.facebook.com\/yoko.deutschland<\/a><\/p>\n<p>Es zeigt sich, dass der offene Umgang mit Lob und Kritik f\u00fcr ein Sushi Unternehmen von gro\u00dfen Wert sein kann und dem Gesch\u00e4ftsf\u00fchrer hilft, seinen Service und seine Produkte laufend zu verbessern.<\/p>\n","protected":false},"excerpt":{"rendered":"<p>Als eine der ersten Firmen im Bereich Sushi Lieferservice hat Yoko Sushi in Berlin eine Facebook Seite entwickelt, die den Kunden und Sushifans eine Plattform bietet, auf der Hinweise und Verbesserungsvorschl\u00e4ge gepostet werden k\u00f6nnen. http:\/\/www.facebook.com\/yoko.deutschland Es zeigt sich, dass der &hellip; <a href=\"http:\/\/sushi-liefern.de\/?page_id=2\">Weiterlesen <span class=\"meta-nav\">&rarr;<\/span><\/a><\/p>\n","protected":false},"author":1,"featured_media":0,"parent":0,"menu_order":0,"comment_status":"closed","ping_status":"closed","template":"","meta":{"footnotes":""},"class_list":["post-2","page","type-page","status-publish","hentry"],"_links":{"self":[{"href":"http:\/\/sushi-liefern.de\/index.php?rest_route=\/wp\/v2\/pages\/2","targetHints":{"allow":["GET"]}}],"collection":[{"href":"http:\/\/sushi-liefern.de\/index.php?rest_route=\/wp\/v2\/pages"}],"about":[{"href":"http:\/\/sushi-liefern.de\/index.php?rest_route=\/wp\/v2\/types\/page"}],"author":[{"embeddable":true,"href":"http:\/\/sushi-liefern.de\/index.php?rest_route=\/wp\/v2\/users\/1"}],"replies":[{"embeddable":true,"href":"http:\/\/sushi-liefern.de\/index.php?rest_route=%2Fwp%2Fv2%2Fcomments&post=2"}],"version-history":[{"count":4,"href":"http:\/\/sushi-liefern.de\/index.php?rest_route=\/wp\/v2\/pages\/2\/revisions"}],"predecessor-version":[{"id":112,"href":"http:\/\/sushi-liefern.de\/index.php?rest_route=\/wp\/v2\/pages\/2\/revisions\/112"}],"wp:attachment":[{"href":"http:\/\/sushi-liefern.de\/index.php?rest_route=%2Fwp%2Fv2%2Fmedia&parent=2"}],"curies":[{"name":"wp","href":"https:\/\/api.w.org\/{rel}","templated":true}]}}