{"id":28,"date":"2011-09-01T14:18:20","date_gmt":"2011-09-01T14:18:20","guid":{"rendered":"http:\/\/sushi-liefern.de\/?page_id=28"},"modified":"2013-10-01T16:16:35","modified_gmt":"2013-10-01T16:16:35","slug":"artikel-der-bz","status":"publish","type":"page","link":"http:\/\/sushi-liefern.de\/?page_id=28","title":{"rendered":"Artikel der BZ"},"content":{"rendered":"<p>BZ &#8211; DIE BERLINER ZUNGE<\/p>\n<p>SUSHI BIS AN DIE HAUST\u00dcR<br \/>\nYoko Sushi<br \/>\n10. August 2011 07.10 Uhr<br \/>\nvon Josephin Domaschke<\/p>\n<p>Sushi ist ein Luxus, den ich mir selten leiste. Kleine Portionen und schmerzhafte Preise schrecken mich stets davon ab.In einem schwachen Moment bestelle ich trotzdem auf der Internetseite von Yoko Sushi, die nach Wilmersdorf und Sch\u00f6neberg liefern. Ich habe die Wahl zwischen Yoko Rolls, Nigiris, Makis und Inside Outside Rolls &#8211; gl\u00fccklicherweise sind die Kategorien bebildert. Mir l\u00e4uft das Wasser im Mund zusammen und ich ordere sechs Maki Nordseekrabben, acht Chicken Teriyaki Rolls und acht Ebi Tempura Rolls. Da ich den Mindestbestellwert von 7 Euro erreicht habe, ist die Lieferung kostenlos. W\u00e4hrend ich auf meine g\u00fcnstigen Leckereien warte, bereue ich es, keinen Glasnudelsalat mit Garnelen \u00a0bestellt zu haben &#8211; der sieht lecker aus. Nach zwanzig Minuten klingelt es an der T\u00fcr und ich st\u00fcrze mich auf mein Sushi. Lecker! Nach der neunzehnten Rolle gebe ich auf, obwohl diese Chicken Teriyaki Rolls wirklich unversch\u00e4mt lecker sind &#8230;Berliner Str. 17, 11-22.30 Uhr, Tel. 88 66 79 66,<a href=\"https:\/\/service.gmx.net\/de\/cgi\/derefer?TYPE=3&amp;DEST=http%3A%2F%2Fwww.yoko.de\" target=\"_blank\">www.yoko.de<\/a><\/p>\n<p><a href=\"http:\/\/sushi-liefern.de\/wp-content\/uploads\/2011\/09\/Sushi-Lieferservice-Hamburg.jpg\"><img loading=\"lazy\" decoding=\"async\" class=\"alignleft size-medium wp-image-80\" title=\"Sushi Lieferservice Hamburg\" src=\"http:\/\/sushi-liefern.de\/wp-content\/uploads\/2011\/09\/Sushi-Lieferservice-Hamburg-300x122.jpg\" alt=\"Sushi Men\u00fc f\u00fcr Hamburg Lieferservice\" width=\"300\" height=\"122\" srcset=\"http:\/\/sushi-liefern.de\/wp-content\/uploads\/2011\/09\/Sushi-Lieferservice-Hamburg-300x122.jpg 300w, http:\/\/sushi-liefern.de\/wp-content\/uploads\/2011\/09\/Sushi-Lieferservice-Hamburg.jpg 430w\" sizes=\"auto, (max-width: 300px) 100vw, 300px\" \/><\/a><\/p>\n<p>Dieser Artikel wurde in der Berliner BZ ver\u00f6ffentlicht. Weitere Artikel, die \u00fcber den Yoko Sushi Lieferservice Betrieb f\u00fcr Hamburg Bramfeld, Poppenb\u00fcttel und Volksdorf erscheinen, werden unverz\u00fcglich in diesem Bereich abgebildet.<\/p>\n<p>&nbsp;<\/p>\n<p>&nbsp;<\/p>\n","protected":false},"excerpt":{"rendered":"<p>BZ &#8211; DIE BERLINER ZUNGE SUSHI BIS AN DIE HAUST\u00dcR Yoko Sushi 10. August 2011 07.10 Uhr von Josephin Domaschke Sushi ist ein Luxus, den ich mir selten leiste. Kleine Portionen und schmerzhafte Preise schrecken mich stets davon ab.In einem &hellip; <a href=\"http:\/\/sushi-liefern.de\/?page_id=28\">Weiterlesen <span class=\"meta-nav\">&rarr;<\/span><\/a><\/p>\n","protected":false},"author":1,"featured_media":0,"parent":0,"menu_order":0,"comment_status":"closed","ping_status":"closed","template":"","meta":{"footnotes":""},"class_list":["post-28","page","type-page","status-publish","hentry"],"_links":{"self":[{"href":"http:\/\/sushi-liefern.de\/index.php?rest_route=\/wp\/v2\/pages\/28","targetHints":{"allow":["GET"]}}],"collection":[{"href":"http:\/\/sushi-liefern.de\/index.php?rest_route=\/wp\/v2\/pages"}],"about":[{"href":"http:\/\/sushi-liefern.de\/index.php?rest_route=\/wp\/v2\/types\/page"}],"author":[{"embeddable":true,"href":"http:\/\/sushi-liefern.de\/index.php?rest_route=\/wp\/v2\/users\/1"}],"replies":[{"embeddable":true,"href":"http:\/\/sushi-liefern.de\/index.php?rest_route=%2Fwp%2Fv2%2Fcomments&post=28"}],"version-history":[{"count":5,"href":"http:\/\/sushi-liefern.de\/index.php?rest_route=\/wp\/v2\/pages\/28\/revisions"}],"predecessor-version":[{"id":91,"href":"http:\/\/sushi-liefern.de\/index.php?rest_route=\/wp\/v2\/pages\/28\/revisions\/91"}],"wp:attachment":[{"href":"http:\/\/sushi-liefern.de\/index.php?rest_route=%2Fwp%2Fv2%2Fmedia&parent=28"}],"curies":[{"name":"wp","href":"https:\/\/api.w.org\/{rel}","templated":true}]}}