{"id":49,"date":"2011-09-01T14:59:42","date_gmt":"2011-09-01T14:59:42","guid":{"rendered":"http:\/\/sushi-liefern.de\/?page_id=49"},"modified":"2013-10-01T16:16:04","modified_gmt":"2013-10-01T16:16:04","slug":"wissenswertes-uber-sushi","status":"publish","type":"page","link":"http:\/\/sushi-liefern.de\/?page_id=49","title":{"rendered":"Wissenswertes \u00fcber Sushi"},"content":{"rendered":"<p>Sushi ist sicherlich die bekannteste Speisen Japans und die ersten schriftlichen Zeugnisse \u00fcber das, was wir unter Sushi verstehen, finden sich im zweiten Jahrhundert, jedoch nicht in Japan, sondern im alten China. Die Methode des Einlegens von Fisch, der kr\u00e4ftig gesalzen wurde, in Reis, hatte eigentlich nur den Zweck der Haltbarmachung des Fisches. Der Reis wurde nicht gegessen, sondern weggeschmissen.<\/p>\n<p><a href=\"http:\/\/www.sushi-lichtenberg.de\/wp-content\/uploads\/2011\/06\/Maki-Sushi-Sake-Lichtenberg.jpg\"><img loading=\"lazy\" decoding=\"async\" title=\"Maki-Sushi-Sake-Lichtenberg\" src=\"http:\/\/www.sushi-lichtenberg.de\/wp-content\/uploads\/2011\/06\/Maki-Sushi-Sake-Lichtenberg-300x90.jpg\" alt=\"\" width=\"300\" height=\"90\" \/><\/a><\/p>\n<p>Heutzutage ist es gerade der Reis, der nunmehr mild ges\u00e4uert wird und somit haupts\u00e4chlich f\u00fcr die Bek\u00f6mmlichkeit des Sushi verantwortlich ist. Bei Yoko Sushi in Hamburg Sasel wird gro\u00dfen Wert auf die Ausgewogenheit der Reisrezeptur gelegt, damit der wohltuende Effekt beim Verzehr aller Sushi Rollen von Yoko Sushi Sasel eintritt.<\/p>\n<p><strong>Sushi, die Wohltat f\u00fcr K\u00f6rper und Seele<\/strong><\/p>\n<p>Sushi geh\u00f6rt f\u00fcr viele Menschen, nicht nur in Asien, zu den ges\u00fcndesten Lebensmitteln. Dies mag daran liegen, dass der Anteil von Fett deutlich zumeist geringer ist als bei vielen anderen Speisen, allerdings nicht selten bei gleich hohem oder sogar h\u00f6herem N\u00e4hrwert.<\/p>\n<p>.<a href=\"http:\/\/www.sushi-lichtenberg.de\/wp-content\/uploads\/2011\/06\/Maki-Sushi-Jakobsmuschel.jpg\"><img loading=\"lazy\" decoding=\"async\" title=\"Maki-Sushi-Jakobsmuschel\" src=\"http:\/\/www.sushi-lichtenberg.de\/wp-content\/uploads\/2011\/06\/Maki-Sushi-Jakobsmuschel-300x89.jpg\" alt=\"\" width=\"300\" height=\"89\" \/><\/a><\/p>\n<p>Allgemein herrscht die \u00dcberzeugung, dass beim Verzehr von klassichen Sushi Rollen oder Nigiris der Blutzuckerspiegel langsamer ansteigt, sodass meistens auch das S\u00e4ttigungsgef\u00fchl l\u00e4nger anh\u00e4lt. Dies kann sich auch positiv auf eine Di\u00e4t auswirken.<\/p>\n<p>In vielen Texten zu diesem Thema liest man, dass der hohe Anteil von unges\u00e4ttigten Fetts\u00e4uren helfen kann Herzinfakten und Schlaganf\u00e4llen vorzubeugen. Auch wird dem Sushi wegen der Aminos\u00e4uren eine senkende Wirkung auf den Cholesterinspiegel zugesprochen<\/p>\n<p>.<a href=\"http:\/\/www.sushi-lichtenberg.de\/wp-content\/uploads\/2011\/06\/Maki-Sushi-Wakame.jpg\"><img loading=\"lazy\" decoding=\"async\" title=\"Maki-Sushi-Wakame\" src=\"http:\/\/www.sushi-lichtenberg.de\/wp-content\/uploads\/2011\/06\/Maki-Sushi-Wakame-300x86.jpg\" alt=\"\" width=\"300\" height=\"86\" \/><\/a><\/p>\n<p>Im Vergleich zur heimischen K\u00fcche kann eine Sushi Mahlzeit von Yoko Sushi aus Sasel in Hamburg deutlich kalorien\u00e4rmer sein und eine gezielte Gewichtsreduzierung unterst\u00fctzen. Die Zuschriften vieler zufriedener Yoko Kunden belegen, wie bek\u00f6mmlich Sushi Produkte sind und das <a title=\"Yoko Sushi Hamburg Sasel\" href=\"http:\/\/sushi-liefern.de\/?p=33\">Hamburger Yoko Team in Sasel<\/a> beachtet bei der Entwicklung neuer Sushi Varianten m\u00f6glichst den Gesundheitsf\u00f6rdernen Effekt durch die entsprechende Auswahl an Zutaten und Herstellungsverfahren der Sushi Produkte.<\/p>\n","protected":false},"excerpt":{"rendered":"<p>Sushi ist sicherlich die bekannteste Speisen Japans und die ersten schriftlichen Zeugnisse \u00fcber das, was wir unter Sushi verstehen, finden sich im zweiten Jahrhundert, jedoch nicht in Japan, sondern im alten China. Die Methode des Einlegens von Fisch, der kr\u00e4ftig &hellip; <a href=\"http:\/\/sushi-liefern.de\/?page_id=49\">Weiterlesen <span class=\"meta-nav\">&rarr;<\/span><\/a><\/p>\n","protected":false},"author":1,"featured_media":0,"parent":0,"menu_order":0,"comment_status":"closed","ping_status":"closed","template":"","meta":{"footnotes":""},"class_list":["post-49","page","type-page","status-publish","hentry"],"_links":{"self":[{"href":"http:\/\/sushi-liefern.de\/index.php?rest_route=\/wp\/v2\/pages\/49","targetHints":{"allow":["GET"]}}],"collection":[{"href":"http:\/\/sushi-liefern.de\/index.php?rest_route=\/wp\/v2\/pages"}],"about":[{"href":"http:\/\/sushi-liefern.de\/index.php?rest_route=\/wp\/v2\/types\/page"}],"author":[{"embeddable":true,"href":"http:\/\/sushi-liefern.de\/index.php?rest_route=\/wp\/v2\/users\/1"}],"replies":[{"embeddable":true,"href":"http:\/\/sushi-liefern.de\/index.php?rest_route=%2Fwp%2Fv2%2Fcomments&post=49"}],"version-history":[{"count":5,"href":"http:\/\/sushi-liefern.de\/index.php?rest_route=\/wp\/v2\/pages\/49\/revisions"}],"predecessor-version":[{"id":90,"href":"http:\/\/sushi-liefern.de\/index.php?rest_route=\/wp\/v2\/pages\/49\/revisions\/90"}],"wp:attachment":[{"href":"http:\/\/sushi-liefern.de\/index.php?rest_route=%2Fwp%2Fv2%2Fmedia&parent=49"}],"curies":[{"name":"wp","href":"https:\/\/api.w.org\/{rel}","templated":true}]}}